{"id":784,"date":"2016-06-01T23:35:47","date_gmt":"2016-06-01T21:35:47","guid":{"rendered":"http:\/\/www.blackboxfilm.at\/blackbox\/?page_id=784"},"modified":"2016-06-02T10:34:30","modified_gmt":"2016-06-02T08:34:30","slug":"amanortey","status":"publish","type":"page","link":"https:\/\/www.blackboxfilm.at\/blackbox\/amanortey\/","title":{"rendered":"Kisseih Amanortey"},"content":{"rendered":"<div class=\"row cf\" style=\"background-size: auto;\"><div class=\"wrap\"> \n<div class=\"shortcode_text_block\" style=\"background: transparent;width:65%;text-align: justify;\"><h3 class=\"title\" style=\"color: #000;\"><\/h3><p class=\"lead\" style=\"color:#666;\">Kisseih Amanortey <\/p>\n<p>&nbsp;<\/p>\n<p>Kisseih Amanortey &#8211; geboren in Accra\/Ghana, studierte Malerei an der Kwame Nkrumah University in Kumasi\/Ghana. W\u00e4hrend seines Studiums besch\u00e4ftigte er sich vorwiegend mit Videokunst. Er arbeitete im National Theatre Ghana als B\u00fchnenbildner. Seit 2010 lebt Kisseih Amanortey in Wien und arbeitet an Film und Multimedia Projekten.&nbsp;<\/p>\n<a href=\"mailto:office@blackboxfilm.at\" class=\"link black\" target=\"_blank\">office@blackboxfilm.at<\/a>\n<\/p><\/div>\n<div class=\"clear cf\" style=\"margin-top:72px;margin-bottom:0\"><\/div>\n <\/div><\/div>\n","protected":false},"excerpt":{"rendered":"","protected":false},"author":1,"featured_media":0,"parent":0,"menu_order":0,"comment_status":"closed","ping_status":"closed","template":"page-templates\/template-slider.php","meta":{"_exactmetrics_skip_tracking":false,"_exactmetrics_sitenote_active":false,"_exactmetrics_sitenote_note":"","_exactmetrics_sitenote_category":0,"footnotes":""},"class_list":["post-784","page","type-page","status-publish","hentry"],"_links":{"self":[{"href":"https:\/\/www.blackboxfilm.at\/blackbox\/wp-json\/wp\/v2\/pages\/784","targetHints":{"allow":["GET"]}}],"collection":[{"href":"https:\/\/www.blackboxfilm.at\/blackbox\/wp-json\/wp\/v2\/pages"}],"about":[{"href":"https:\/\/www.blackboxfilm.at\/blackbox\/wp-json\/wp\/v2\/types\/page"}],"author":[{"embeddable":true,"href":"https:\/\/www.blackboxfilm.at\/blackbox\/wp-json\/wp\/v2\/users\/1"}],"replies":[{"embeddable":true,"href":"https:\/\/www.blackboxfilm.at\/blackbox\/wp-json\/wp\/v2\/comments?post=784"}],"version-history":[{"count":2,"href":"https:\/\/www.blackboxfilm.at\/blackbox\/wp-json\/wp\/v2\/pages\/784\/revisions"}],"predecessor-version":[{"id":802,"href":"https:\/\/www.blackboxfilm.at\/blackbox\/wp-json\/wp\/v2\/pages\/784\/revisions\/802"}],"wp:attachment":[{"href":"https:\/\/www.blackboxfilm.at\/blackbox\/wp-json\/wp\/v2\/media?parent=784"}],"curies":[{"name":"wp","href":"https:\/\/api.w.org\/{rel}","templated":true}]}}